{"id":72,"date":"2011-08-31T13:39:40","date_gmt":"2011-08-31T13:39:40","guid":{"rendered":"http:\/\/www.norabr.com\/integra\/?page_id=72"},"modified":"2012-06-21T21:55:35","modified_gmt":"2012-06-21T21:55:35","slug":"integra-tipo-1-2","status":"publish","type":"page","link":"http:\/\/www.norabr.com\/integra\/?page_id=72","title":{"rendered":"Integra T1"},"content":{"rendered":"<table style=\"border: 0px;\" width=\"100%\" border=\"0\" cellspacing=\"5\" cellpadding=\"0\">\n<tbody>\n<tr style=\"border: 0;\">\n<td style=\"vertical-align: top; text-align: left; padding-right: 50px;\" rowspan=\"3\" width=\"36%\">Conceito + Engenharia.Integra T1 \u00e9 uma cadeira para est\u00e1dios e arenas montada sobre trilhos e fabricada em materiais resistentes a corros\u00e3o at\u00e9 em ambientes mais agressivos e rigorosos.<\/p>\n<p>O m\u00f3dulo de cadeiras \u00e9 entregue totalmente montado e pronto para instala\u00e7\u00e3o no sistema de suporte de cadeiras patenteado Integra flexrail.<\/p>\n<p>&nbsp;<\/p>\n<p><a href=\"#\">Download PDF com as especifica\u00e7\u00f5es t\u00e9cnicas do produto.<\/a><\/p>\n<p>&nbsp;<\/td>\n<td colspan=\"3\" width=\"64%\"><img loading=\"lazy\" decoding=\"async\" src=\"\/integra\/wp-content\/produto\/integratipo1.jpg\" alt=\"Integra tipo 2\" width=\"700\" height=\"500\" \/><\/td>\n<\/tr>\n<tr style=\"border: 0;\">\n<td colspan=\"3\"><img loading=\"lazy\" decoding=\"async\" src=\"\/integra\/wp-content\/produto\/prod_integra1thumb.jpg\" alt=\"\" width=\"700\" height=\"644\" \/><\/td>\n<\/tr>\n<tr style=\"border: 0;\">\n<td colspan=\"3\"><\/td>\n<\/tr>\n<\/tbody>\n<\/table>\n","protected":false},"excerpt":{"rendered":"<p>Conceito + Engenharia.Integra T1 \u00e9 uma cadeira para est\u00e1dios e arenas montada sobre trilhos e fabricada em materiais resistentes a corros\u00e3o at\u00e9 em ambientes mais agressivos e rigorosos. O m\u00f3dulo de cadeiras \u00e9 entregue totalmente montado e pronto para instala\u00e7\u00e3o no sistema de suporte de cadeiras patenteado Integra flexrail. &nbsp; Download PDF com as especifica\u00e7\u00f5es [&hellip;]<\/p>\n","protected":false},"author":1,"featured_media":0,"parent":15,"menu_order":0,"comment_status":"closed","ping_status":"closed","template":"template-full-width.php","meta":{"footnotes":"","_links_to":"","_links_to_target":""},"class_list":["post-72","page","type-page","status-publish","hentry"],"yoast_head":"<!-- This site is optimized with the Yoast SEO plugin v27.4 - https:\/\/yoast.com\/product\/yoast-seo-wordpress\/ -->\n<title>Integra | n\u00f6rabr.com<\/title>\n<meta name=\"description\" content=\"Assentos para est\u00e1dios e arenas\" \/>\n<meta name=\"robots\" content=\"index, follow, max-snippet:-1, max-image-preview:large, max-video-preview:-1\" \/>\n<link rel=\"canonical\" href=\"http:\/\/www.norabr.com\/integra\/?page_id=72\" \/>\n<script type=\"application\/ld+json\" class=\"yoast-schema-graph\">{\"@context\":\"https:\\\/\\\/schema.org\",\"@graph\":[{\"@type\":\"WebPage\",\"@id\":\"http:\\\/\\\/www.norabr.com\\\/integra\\\/?page_id=72\",\"url\":\"http:\\\/\\\/www.norabr.com\\\/integra\\\/?page_id=72\",\"name\":\"Integra | n\u00f6rabr.com\",\"isPartOf\":{\"@id\":\"http:\\\/\\\/www.norabr.com\\\/integra\\\/#website\"},\"datePublished\":\"2011-08-31T13:39:40+00:00\",\"dateModified\":\"2012-06-21T21:55:35+00:00\",\"description\":\"Assentos para est\u00e1dios e arenas\",\"breadcrumb\":{\"@id\":\"http:\\\/\\\/www.norabr.com\\\/integra\\\/?page_id=72#breadcrumb\"},\"inLanguage\":\"en-US\",\"potentialAction\":[{\"@type\":\"ReadAction\",\"target\":[\"http:\\\/\\\/www.norabr.com\\\/integra\\\/?page_id=72\"]}]},{\"@type\":\"BreadcrumbList\",\"@id\":\"http:\\\/\\\/www.norabr.com\\\/integra\\\/?page_id=72#breadcrumb\",\"itemListElement\":[{\"@type\":\"ListItem\",\"position\":1,\"name\":\"Home\",\"item\":\"http:\\\/\\\/www.norabr.com\\\/integra\\\/\"},{\"@type\":\"ListItem\",\"position\":2,\"name\":\"Produtos\",\"item\":\"http:\\\/\\\/www.norabr.com\\\/integra\\\/?page_id=15\"},{\"@type\":\"ListItem\",\"position\":3,\"name\":\"Integra T1\"}]},{\"@type\":\"WebSite\",\"@id\":\"http:\\\/\\\/www.norabr.com\\\/integra\\\/#website\",\"url\":\"http:\\\/\\\/www.norabr.com\\\/integra\\\/\",\"name\":\"Nora\",\"description\":\"Assentos para Est\u00e1dios e Arenas\",\"potentialAction\":[{\"@type\":\"SearchAction\",\"target\":{\"@type\":\"EntryPoint\",\"urlTemplate\":\"http:\\\/\\\/www.norabr.com\\\/integra\\\/?s={search_term_string}\"},\"query-input\":{\"@type\":\"PropertyValueSpecification\",\"valueRequired\":true,\"valueName\":\"search_term_string\"}}],\"inLanguage\":\"en-US\"}]}<\/script>\n<!-- \/ Yoast SEO plugin. -->","yoast_head_json":{"title":"Integra | n\u00f6rabr.com","description":"Assentos para est\u00e1dios e arenas","robots":{"index":"index","follow":"follow","max-snippet":"max-snippet:-1","max-image-preview":"max-image-preview:large","max-video-preview":"max-video-preview:-1"},"canonical":"http:\/\/www.norabr.com\/integra\/?page_id=72","schema":{"@context":"https:\/\/schema.org","@graph":[{"@type":"WebPage","@id":"http:\/\/www.norabr.com\/integra\/?page_id=72","url":"http:\/\/www.norabr.com\/integra\/?page_id=72","name":"Integra | n\u00f6rabr.com","isPartOf":{"@id":"http:\/\/www.norabr.com\/integra\/#website"},"datePublished":"2011-08-31T13:39:40+00:00","dateModified":"2012-06-21T21:55:35+00:00","description":"Assentos para est\u00e1dios e arenas","breadcrumb":{"@id":"http:\/\/www.norabr.com\/integra\/?page_id=72#breadcrumb"},"inLanguage":"en-US","potentialAction":[{"@type":"ReadAction","target":["http:\/\/www.norabr.com\/integra\/?page_id=72"]}]},{"@type":"BreadcrumbList","@id":"http:\/\/www.norabr.com\/integra\/?page_id=72#breadcrumb","itemListElement":[{"@type":"ListItem","position":1,"name":"Home","item":"http:\/\/www.norabr.com\/integra\/"},{"@type":"ListItem","position":2,"name":"Produtos","item":"http:\/\/www.norabr.com\/integra\/?page_id=15"},{"@type":"ListItem","position":3,"name":"Integra T1"}]},{"@type":"WebSite","@id":"http:\/\/www.norabr.com\/integra\/#website","url":"http:\/\/www.norabr.com\/integra\/","name":"Nora","description":"Assentos para Est\u00e1dios e Arenas","potentialAction":[{"@type":"SearchAction","target":{"@type":"EntryPoint","urlTemplate":"http:\/\/www.norabr.com\/integra\/?s={search_term_string}"},"query-input":{"@type":"PropertyValueSpecification","valueRequired":true,"valueName":"search_term_string"}}],"inLanguage":"en-US"}]}},"_links":{"self":[{"href":"http:\/\/www.norabr.com\/integra\/index.php?rest_route=\/wp\/v2\/pages\/72","targetHints":{"allow":["GET"]}}],"collection":[{"href":"http:\/\/www.norabr.com\/integra\/index.php?rest_route=\/wp\/v2\/pages"}],"about":[{"href":"http:\/\/www.norabr.com\/integra\/index.php?rest_route=\/wp\/v2\/types\/page"}],"author":[{"embeddable":true,"href":"http:\/\/www.norabr.com\/integra\/index.php?rest_route=\/wp\/v2\/users\/1"}],"replies":[{"embeddable":true,"href":"http:\/\/www.norabr.com\/integra\/index.php?rest_route=%2Fwp%2Fv2%2Fcomments&post=72"}],"version-history":[{"count":0,"href":"http:\/\/www.norabr.com\/integra\/index.php?rest_route=\/wp\/v2\/pages\/72\/revisions"}],"up":[{"embeddable":true,"href":"http:\/\/www.norabr.com\/integra\/index.php?rest_route=\/wp\/v2\/pages\/15"}],"wp:attachment":[{"href":"http:\/\/www.norabr.com\/integra\/index.php?rest_route=%2Fwp%2Fv2%2Fmedia&parent=72"}],"curies":[{"name":"wp","href":"https:\/\/api.w.org\/{rel}","templated":true}]}}