{"id":39,"date":"2011-08-26T09:24:30","date_gmt":"2011-08-26T09:24:30","guid":{"rendered":"http:\/\/www.norabr.com\/integra\/?page_id=39"},"modified":"2012-02-10T14:33:11","modified_gmt":"2012-02-10T14:33:11","slug":"empresa","status":"publish","type":"page","link":"http:\/\/www.norabr.com\/integra\/?page_id=39","title":{"rendered":"Empresa"},"content":{"rendered":"<p>Nossa experi\u00eancia \u00e9 constru\u00edda atrav\u00e9s de inova\u00e7\u00e3o.<\/p>\n<p>Desenvolvemos projetos globais tornando produtos e servi\u00e7os de alta qualidade acess\u00edveis como nunca antes. A \u00eanfase em design e qualidade nos torna cada dia mais exigentes na busca de nossos ideais. Os projetos realizados na N\u00f6ra constroem relacionamentos e conectam pessoas a algo maior. Acreditamos na responsabilidade ambiental, sustent\u00e1vel, econ\u00f4mica e social.<\/p>\n<p>Design Industrial<\/p>\n<p>Conceito e engenharia<br \/>\nDesenvolvimento de projetos que inclui diversas escalas de design<\/p>\n<p>Parcerias bem estabelecidas<\/p>\n<p>Conhecimento profundo da log\u00edstica de fornecimento de material em \u00e2mbito global.<br \/>\nFuncion\u00e1rios em tempo integral em todas as f\u00e1bricas<br \/>\nControle vertical da cadeia de fornecimento e custos de material<\/p>\n<p>Log\u00edstica<\/p>\n<p>Equipe profissional multil\u00edngue experiente.<br \/>\nRedes de transporte bem estabelecidas.<br \/>\nPol\u00edtica de fabrica\u00e7\u00e3o local, que evita custos aduaneiros e de importa\u00e7\u00e3o, facilitando a log\u00edstica do projeto.<\/p>\n<p>Estrat\u00e9gia para grandes projetos e eventos globais<\/p>\n<p>Dedica\u00e7\u00e3o total e direta a grandes projetos globais.<br \/>\nFoco na entrega de eventos a n\u00edvel mundial envolvendo m\u00faltiplos projetos.<\/p>\n","protected":false},"excerpt":{"rendered":"<p>Nossa experi\u00eancia \u00e9 constru\u00edda atrav\u00e9s de inova\u00e7\u00e3o. Desenvolvemos projetos globais tornando produtos e servi\u00e7os de alta qualidade acess\u00edveis como nunca antes. A \u00eanfase em design e qualidade nos torna cada dia mais exigentes na busca de nossos ideais. Os projetos realizados na N\u00f6ra constroem relacionamentos e conectam pessoas a algo maior. Acreditamos na responsabilidade ambiental, [&hellip;]<\/p>\n","protected":false},"author":1,"featured_media":0,"parent":0,"menu_order":0,"comment_status":"closed","ping_status":"closed","template":"template-full-width.php","meta":{"footnotes":"","_links_to":"","_links_to_target":""},"class_list":["post-39","page","type-page","status-publish","hentry"],"yoast_head":"<!-- This site is optimized with the Yoast SEO plugin v26.6 - https:\/\/yoast.com\/wordpress\/plugins\/seo\/ -->\n<title>Integra | n\u00f6rabr.com<\/title>\n<meta name=\"description\" content=\"integra n\u00f6rabr.com assentos para est\u00e1dios e arenas\" \/>\n<meta name=\"robots\" content=\"index, follow, max-snippet:-1, max-image-preview:large, max-video-preview:-1\" \/>\n<link rel=\"canonical\" href=\"http:\/\/www.norabr.com\/integra\/?page_id=39\" \/>\n<meta name=\"twitter:label1\" content=\"Est. reading time\" \/>\n\t<meta name=\"twitter:data1\" content=\"1 minute\" \/>\n<script type=\"application\/ld+json\" class=\"yoast-schema-graph\">{\"@context\":\"https:\/\/schema.org\",\"@graph\":[{\"@type\":\"WebPage\",\"@id\":\"http:\/\/www.norabr.com\/integra\/?page_id=39\",\"url\":\"http:\/\/www.norabr.com\/integra\/?page_id=39\",\"name\":\"Integra | n\u00f6rabr.com\",\"isPartOf\":{\"@id\":\"http:\/\/www.norabr.com\/integra\/#website\"},\"datePublished\":\"2011-08-26T09:24:30+00:00\",\"dateModified\":\"2012-02-10T14:33:11+00:00\",\"description\":\"integra n\u00f6rabr.com assentos para est\u00e1dios e arenas\",\"breadcrumb\":{\"@id\":\"http:\/\/www.norabr.com\/integra\/?page_id=39#breadcrumb\"},\"inLanguage\":\"en-US\",\"potentialAction\":[{\"@type\":\"ReadAction\",\"target\":[\"http:\/\/www.norabr.com\/integra\/?page_id=39\"]}]},{\"@type\":\"BreadcrumbList\",\"@id\":\"http:\/\/www.norabr.com\/integra\/?page_id=39#breadcrumb\",\"itemListElement\":[{\"@type\":\"ListItem\",\"position\":1,\"name\":\"Home\",\"item\":\"http:\/\/www.norabr.com\/integra\/\"},{\"@type\":\"ListItem\",\"position\":2,\"name\":\"Empresa\"}]},{\"@type\":\"WebSite\",\"@id\":\"http:\/\/www.norabr.com\/integra\/#website\",\"url\":\"http:\/\/www.norabr.com\/integra\/\",\"name\":\"Nora\",\"description\":\"Assentos para Est\u00e1dios e Arenas\",\"potentialAction\":[{\"@type\":\"SearchAction\",\"target\":{\"@type\":\"EntryPoint\",\"urlTemplate\":\"http:\/\/www.norabr.com\/integra\/?s={search_term_string}\"},\"query-input\":{\"@type\":\"PropertyValueSpecification\",\"valueRequired\":true,\"valueName\":\"search_term_string\"}}],\"inLanguage\":\"en-US\"}]}<\/script>\n<!-- \/ Yoast SEO plugin. -->","yoast_head_json":{"title":"Integra | n\u00f6rabr.com","description":"integra n\u00f6rabr.com assentos para est\u00e1dios e arenas","robots":{"index":"index","follow":"follow","max-snippet":"max-snippet:-1","max-image-preview":"max-image-preview:large","max-video-preview":"max-video-preview:-1"},"canonical":"http:\/\/www.norabr.com\/integra\/?page_id=39","twitter_misc":{"Est. reading time":"1 minute"},"schema":{"@context":"https:\/\/schema.org","@graph":[{"@type":"WebPage","@id":"http:\/\/www.norabr.com\/integra\/?page_id=39","url":"http:\/\/www.norabr.com\/integra\/?page_id=39","name":"Integra | n\u00f6rabr.com","isPartOf":{"@id":"http:\/\/www.norabr.com\/integra\/#website"},"datePublished":"2011-08-26T09:24:30+00:00","dateModified":"2012-02-10T14:33:11+00:00","description":"integra n\u00f6rabr.com assentos para est\u00e1dios e arenas","breadcrumb":{"@id":"http:\/\/www.norabr.com\/integra\/?page_id=39#breadcrumb"},"inLanguage":"en-US","potentialAction":[{"@type":"ReadAction","target":["http:\/\/www.norabr.com\/integra\/?page_id=39"]}]},{"@type":"BreadcrumbList","@id":"http:\/\/www.norabr.com\/integra\/?page_id=39#breadcrumb","itemListElement":[{"@type":"ListItem","position":1,"name":"Home","item":"http:\/\/www.norabr.com\/integra\/"},{"@type":"ListItem","position":2,"name":"Empresa"}]},{"@type":"WebSite","@id":"http:\/\/www.norabr.com\/integra\/#website","url":"http:\/\/www.norabr.com\/integra\/","name":"Nora","description":"Assentos para Est\u00e1dios e Arenas","potentialAction":[{"@type":"SearchAction","target":{"@type":"EntryPoint","urlTemplate":"http:\/\/www.norabr.com\/integra\/?s={search_term_string}"},"query-input":{"@type":"PropertyValueSpecification","valueRequired":true,"valueName":"search_term_string"}}],"inLanguage":"en-US"}]}},"_links":{"self":[{"href":"http:\/\/www.norabr.com\/integra\/index.php?rest_route=\/wp\/v2\/pages\/39","targetHints":{"allow":["GET"]}}],"collection":[{"href":"http:\/\/www.norabr.com\/integra\/index.php?rest_route=\/wp\/v2\/pages"}],"about":[{"href":"http:\/\/www.norabr.com\/integra\/index.php?rest_route=\/wp\/v2\/types\/page"}],"author":[{"embeddable":true,"href":"http:\/\/www.norabr.com\/integra\/index.php?rest_route=\/wp\/v2\/users\/1"}],"replies":[{"embeddable":true,"href":"http:\/\/www.norabr.com\/integra\/index.php?rest_route=%2Fwp%2Fv2%2Fcomments&post=39"}],"version-history":[{"count":0,"href":"http:\/\/www.norabr.com\/integra\/index.php?rest_route=\/wp\/v2\/pages\/39\/revisions"}],"wp:attachment":[{"href":"http:\/\/www.norabr.com\/integra\/index.php?rest_route=%2Fwp%2Fv2%2Fmedia&parent=39"}],"curies":[{"name":"wp","href":"https:\/\/api.w.org\/{rel}","templated":true}]}}