{"id":35,"date":"2011-08-26T09:23:58","date_gmt":"2011-08-26T09:23:58","guid":{"rendered":"http:\/\/www.norabr.com\/integra\/?page_id=35"},"modified":"2012-02-10T14:30:02","modified_gmt":"2012-02-10T14:30:02","slug":"projetos","status":"publish","type":"page","link":"http:\/\/www.norabr.com\/integra\/?page_id=35","title":{"rendered":"Projetos"},"content":{"rendered":"","protected":false},"excerpt":{"rendered":"","protected":false},"author":1,"featured_media":0,"parent":0,"menu_order":0,"comment_status":"closed","ping_status":"closed","template":"template-portfolio.php","meta":{"footnotes":"","_links_to":"","_links_to_target":""},"class_list":["post-35","page","type-page","status-publish","hentry"],"yoast_head":"<!-- This site is optimized with the Yoast SEO plugin v27.4 - https:\/\/yoast.com\/product\/yoast-seo-wordpress\/ -->\n<title>Integra | n\u00f6rabr.com<\/title>\n<meta name=\"description\" content=\"integra n\u00f6rabr.com projetos em assentos para est\u00e1dios e arenas\" \/>\n<meta name=\"robots\" content=\"index, follow, max-snippet:-1, max-image-preview:large, max-video-preview:-1\" \/>\n<link rel=\"canonical\" href=\"http:\/\/www.norabr.com\/integra\/?page_id=35\" \/>\n<script type=\"application\/ld+json\" class=\"yoast-schema-graph\">{\"@context\":\"https:\\\/\\\/schema.org\",\"@graph\":[{\"@type\":\"WebPage\",\"@id\":\"http:\\\/\\\/www.norabr.com\\\/integra\\\/?page_id=35\",\"url\":\"http:\\\/\\\/www.norabr.com\\\/integra\\\/?page_id=35\",\"name\":\"Integra | n\u00f6rabr.com\",\"isPartOf\":{\"@id\":\"http:\\\/\\\/www.norabr.com\\\/integra\\\/#website\"},\"datePublished\":\"2011-08-26T09:23:58+00:00\",\"dateModified\":\"2012-02-10T14:30:02+00:00\",\"description\":\"integra n\u00f6rabr.com projetos em assentos para est\u00e1dios e arenas\",\"breadcrumb\":{\"@id\":\"http:\\\/\\\/www.norabr.com\\\/integra\\\/?page_id=35#breadcrumb\"},\"inLanguage\":\"en-US\",\"potentialAction\":[{\"@type\":\"ReadAction\",\"target\":[\"http:\\\/\\\/www.norabr.com\\\/integra\\\/?page_id=35\"]}]},{\"@type\":\"BreadcrumbList\",\"@id\":\"http:\\\/\\\/www.norabr.com\\\/integra\\\/?page_id=35#breadcrumb\",\"itemListElement\":[{\"@type\":\"ListItem\",\"position\":1,\"name\":\"Home\",\"item\":\"http:\\\/\\\/www.norabr.com\\\/integra\\\/\"},{\"@type\":\"ListItem\",\"position\":2,\"name\":\"Projetos\"}]},{\"@type\":\"WebSite\",\"@id\":\"http:\\\/\\\/www.norabr.com\\\/integra\\\/#website\",\"url\":\"http:\\\/\\\/www.norabr.com\\\/integra\\\/\",\"name\":\"Nora\",\"description\":\"Assentos para Est\u00e1dios e Arenas\",\"potentialAction\":[{\"@type\":\"SearchAction\",\"target\":{\"@type\":\"EntryPoint\",\"urlTemplate\":\"http:\\\/\\\/www.norabr.com\\\/integra\\\/?s={search_term_string}\"},\"query-input\":{\"@type\":\"PropertyValueSpecification\",\"valueRequired\":true,\"valueName\":\"search_term_string\"}}],\"inLanguage\":\"en-US\"}]}<\/script>\n<!-- \/ Yoast SEO plugin. -->","yoast_head_json":{"title":"Integra | n\u00f6rabr.com","description":"integra n\u00f6rabr.com projetos em assentos para est\u00e1dios e arenas","robots":{"index":"index","follow":"follow","max-snippet":"max-snippet:-1","max-image-preview":"max-image-preview:large","max-video-preview":"max-video-preview:-1"},"canonical":"http:\/\/www.norabr.com\/integra\/?page_id=35","schema":{"@context":"https:\/\/schema.org","@graph":[{"@type":"WebPage","@id":"http:\/\/www.norabr.com\/integra\/?page_id=35","url":"http:\/\/www.norabr.com\/integra\/?page_id=35","name":"Integra | n\u00f6rabr.com","isPartOf":{"@id":"http:\/\/www.norabr.com\/integra\/#website"},"datePublished":"2011-08-26T09:23:58+00:00","dateModified":"2012-02-10T14:30:02+00:00","description":"integra n\u00f6rabr.com projetos em assentos para est\u00e1dios e arenas","breadcrumb":{"@id":"http:\/\/www.norabr.com\/integra\/?page_id=35#breadcrumb"},"inLanguage":"en-US","potentialAction":[{"@type":"ReadAction","target":["http:\/\/www.norabr.com\/integra\/?page_id=35"]}]},{"@type":"BreadcrumbList","@id":"http:\/\/www.norabr.com\/integra\/?page_id=35#breadcrumb","itemListElement":[{"@type":"ListItem","position":1,"name":"Home","item":"http:\/\/www.norabr.com\/integra\/"},{"@type":"ListItem","position":2,"name":"Projetos"}]},{"@type":"WebSite","@id":"http:\/\/www.norabr.com\/integra\/#website","url":"http:\/\/www.norabr.com\/integra\/","name":"Nora","description":"Assentos para Est\u00e1dios e Arenas","potentialAction":[{"@type":"SearchAction","target":{"@type":"EntryPoint","urlTemplate":"http:\/\/www.norabr.com\/integra\/?s={search_term_string}"},"query-input":{"@type":"PropertyValueSpecification","valueRequired":true,"valueName":"search_term_string"}}],"inLanguage":"en-US"}]}},"_links":{"self":[{"href":"http:\/\/www.norabr.com\/integra\/index.php?rest_route=\/wp\/v2\/pages\/35","targetHints":{"allow":["GET"]}}],"collection":[{"href":"http:\/\/www.norabr.com\/integra\/index.php?rest_route=\/wp\/v2\/pages"}],"about":[{"href":"http:\/\/www.norabr.com\/integra\/index.php?rest_route=\/wp\/v2\/types\/page"}],"author":[{"embeddable":true,"href":"http:\/\/www.norabr.com\/integra\/index.php?rest_route=\/wp\/v2\/users\/1"}],"replies":[{"embeddable":true,"href":"http:\/\/www.norabr.com\/integra\/index.php?rest_route=%2Fwp%2Fv2%2Fcomments&post=35"}],"version-history":[{"count":0,"href":"http:\/\/www.norabr.com\/integra\/index.php?rest_route=\/wp\/v2\/pages\/35\/revisions"}],"wp:attachment":[{"href":"http:\/\/www.norabr.com\/integra\/index.php?rest_route=%2Fwp%2Fv2%2Fmedia&parent=35"}],"curies":[{"name":"wp","href":"https:\/\/api.w.org\/{rel}","templated":true}]}}